{"id":54,"date":"2022-01-30T12:18:50","date_gmt":"2022-01-30T11:18:50","guid":{"rendered":"http:\/\/hse361.hu\/?page_id=54"},"modified":"2022-01-30T12:18:51","modified_gmt":"2022-01-30T11:18:51","slug":"kezdolap","status":"publish","type":"page","link":"https:\/\/hse361.hu\/?page_id=54","title":{"rendered":"Kezd\u0151lap"},"content":{"rendered":"","protected":false},"excerpt":{"rendered":"","protected":false},"author":1,"featured_media":0,"parent":0,"menu_order":0,"comment_status":"closed","ping_status":"closed","template":"","meta":[],"yoast_head":"<!-- This site is optimized with the Yoast SEO plugin v18.0 - https:\/\/yoast.com\/wordpress\/plugins\/seo\/ -->\n<title>Kezd\u0151lap - hse361<\/title>\n<meta name=\"robots\" content=\"index, follow, max-snippet:-1, max-image-preview:large, max-video-preview:-1\" \/>\n<link rel=\"canonical\" href=\"https:\/\/hse361.hu\/?page_id=54\" \/>\n<meta property=\"og:locale\" content=\"hu_HU\" \/>\n<meta property=\"og:type\" content=\"article\" \/>\n<meta property=\"og:title\" content=\"Kezd\u0151lap - hse361\" \/>\n<meta property=\"og:url\" content=\"https:\/\/hse361.hu\/?page_id=54\" \/>\n<meta property=\"og:site_name\" content=\"hse361\" \/>\n<meta property=\"article:modified_time\" content=\"2022-01-30T11:18:51+00:00\" \/>\n<meta name=\"twitter:card\" content=\"summary_large_image\" \/>\n<script type=\"application\/ld+json\" class=\"yoast-schema-graph\">{\"@context\":\"https:\/\/schema.org\",\"@graph\":[{\"@type\":\"WebSite\",\"@id\":\"https:\/\/hse361.hu\/#website\",\"url\":\"https:\/\/hse361.hu\/\",\"name\":\"hse361\",\"description\":\"T\u00f6bb, mint jogszab\u00e1lyi k\u00f6telezetts\u00e9g\",\"potentialAction\":[{\"@type\":\"SearchAction\",\"target\":{\"@type\":\"EntryPoint\",\"urlTemplate\":\"https:\/\/hse361.hu\/?s={search_term_string}\"},\"query-input\":\"required name=search_term_string\"}],\"inLanguage\":\"hu\"},{\"@type\":\"WebPage\",\"@id\":\"https:\/\/hse361.hu\/?page_id=54#webpage\",\"url\":\"https:\/\/hse361.hu\/?page_id=54\",\"name\":\"Kezd\u0151lap - hse361\",\"isPartOf\":{\"@id\":\"https:\/\/hse361.hu\/#website\"},\"datePublished\":\"2022-01-30T11:18:50+00:00\",\"dateModified\":\"2022-01-30T11:18:51+00:00\",\"breadcrumb\":{\"@id\":\"https:\/\/hse361.hu\/?page_id=54#breadcrumb\"},\"inLanguage\":\"hu\",\"potentialAction\":[{\"@type\":\"ReadAction\",\"target\":[\"https:\/\/hse361.hu\/?page_id=54\"]}]},{\"@type\":\"BreadcrumbList\",\"@id\":\"https:\/\/hse361.hu\/?page_id=54#breadcrumb\",\"itemListElement\":[{\"@type\":\"ListItem\",\"position\":1,\"name\":\"Kezd\u0151lap\",\"item\":\"https:\/\/hse361.hu\/\"},{\"@type\":\"ListItem\",\"position\":2,\"name\":\"Kezd\u0151lap\"}]}]}<\/script>\n<!-- \/ Yoast SEO plugin. -->","yoast_head_json":{"title":"Kezd\u0151lap - hse361","robots":{"index":"index","follow":"follow","max-snippet":"max-snippet:-1","max-image-preview":"max-image-preview:large","max-video-preview":"max-video-preview:-1"},"canonical":"https:\/\/hse361.hu\/?page_id=54","og_locale":"hu_HU","og_type":"article","og_title":"Kezd\u0151lap - hse361","og_url":"https:\/\/hse361.hu\/?page_id=54","og_site_name":"hse361","article_modified_time":"2022-01-30T11:18:51+00:00","twitter_card":"summary_large_image","schema":{"@context":"https:\/\/schema.org","@graph":[{"@type":"WebSite","@id":"https:\/\/hse361.hu\/#website","url":"https:\/\/hse361.hu\/","name":"hse361","description":"T\u00f6bb, mint jogszab\u00e1lyi k\u00f6telezetts\u00e9g","potentialAction":[{"@type":"SearchAction","target":{"@type":"EntryPoint","urlTemplate":"https:\/\/hse361.hu\/?s={search_term_string}"},"query-input":"required name=search_term_string"}],"inLanguage":"hu"},{"@type":"WebPage","@id":"https:\/\/hse361.hu\/?page_id=54#webpage","url":"https:\/\/hse361.hu\/?page_id=54","name":"Kezd\u0151lap - hse361","isPartOf":{"@id":"https:\/\/hse361.hu\/#website"},"datePublished":"2022-01-30T11:18:50+00:00","dateModified":"2022-01-30T11:18:51+00:00","breadcrumb":{"@id":"https:\/\/hse361.hu\/?page_id=54#breadcrumb"},"inLanguage":"hu","potentialAction":[{"@type":"ReadAction","target":["https:\/\/hse361.hu\/?page_id=54"]}]},{"@type":"BreadcrumbList","@id":"https:\/\/hse361.hu\/?page_id=54#breadcrumb","itemListElement":[{"@type":"ListItem","position":1,"name":"Kezd\u0151lap","item":"https:\/\/hse361.hu\/"},{"@type":"ListItem","position":2,"name":"Kezd\u0151lap"}]}]}},"_links":{"self":[{"href":"https:\/\/hse361.hu\/index.php?rest_route=\/wp\/v2\/pages\/54"}],"collection":[{"href":"https:\/\/hse361.hu\/index.php?rest_route=\/wp\/v2\/pages"}],"about":[{"href":"https:\/\/hse361.hu\/index.php?rest_route=\/wp\/v2\/types\/page"}],"author":[{"embeddable":true,"href":"https:\/\/hse361.hu\/index.php?rest_route=\/wp\/v2\/users\/1"}],"replies":[{"embeddable":true,"href":"https:\/\/hse361.hu\/index.php?rest_route=%2Fwp%2Fv2%2Fcomments&post=54"}],"version-history":[{"count":2,"href":"https:\/\/hse361.hu\/index.php?rest_route=\/wp\/v2\/pages\/54\/revisions"}],"predecessor-version":[{"id":81,"href":"https:\/\/hse361.hu\/index.php?rest_route=\/wp\/v2\/pages\/54\/revisions\/81"}],"wp:attachment":[{"href":"https:\/\/hse361.hu\/index.php?rest_route=%2Fwp%2Fv2%2Fmedia&parent=54"}],"curies":[{"name":"wp","href":"https:\/\/api.w.org\/{rel}","templated":true}]}}